{"id":9839,"date":"2025-07-23T08:24:03","date_gmt":"2025-07-23T08:24:03","guid":{"rendered":"https:\/\/galatano1.com\/associate-professor-dr-ozlem-ercin-sultanzade\/"},"modified":"2026-03-04T11:08:05","modified_gmt":"2026-03-04T11:08:05","slug":"associate-professor-dr-ozlem-ercin-sultanzade","status":"publish","type":"page","link":"https:\/\/galatano1.com\/fr\/associate-professor-dr-ozlem-ercin-sultanzade\/","title":{"rendered":"ASSOCIATE PROFESSOR Dr. \u00d6zlem Er\u00e7in Sultanzade"},"content":{"rendered":"\t\t<div data-elementor-type=\"wp-page\" data-elementor-id=\"9839\" class=\"elementor elementor-9839 elementor-9671\">\n\t\t\t\t\t\t<section class=\"elementor-section elementor-top-section elementor-element elementor-element-eae65ae elementor-section-height-min-height elementor-section-boxed elementor-section-height-default elementor-section-items-middle\" data-id=\"eae65ae\" data-element_type=\"section\" data-e-type=\"section\" data-settings=\"{&quot;background_background&quot;:&quot;classic&quot;,&quot;shape_divider_bottom&quot;:&quot;lqd-custom-shape-1&quot;}\">\n\t\t\t\t\t\t\t<div class=\"elementor-background-overlay\"><\/div>\n\t\t\t\t\t\t<div class=\"elementor-shape elementor-shape-bottom\" aria-hidden=\"true\" data-negative=\"false\">\n\t\t\t<svg class=\"lqd-custom-shape\" xmlns=\"http:\/\/www.w3.org\/2000\/svg\" viewBox=\"0 0 1943 98.812\" preserveAspectRatio=\"none\">\n    <path class=\"elementor-shape-fill\" d=\"M0,0Q199.075,74.109,485.75,74.109C806.262,74.109,1214.291,0,1578.6,0H1943V98.812H0\" \/>\n<\/svg>\t\t<\/div>\n\t\t\t\t\t<div class=\"elementor-container elementor-column-gap-default\">\n\t\t\t\t\t<div class=\"elementor-column elementor-col-100 elementor-top-column elementor-element elementor-element-5c6b9a8\" data-id=\"5c6b9a8\" data-element_type=\"column\" data-e-type=\"column\">\n\t\t\t<div class=\"elementor-widget-wrap elementor-element-populated\">\n\t\t\t\t\t\t<div class=\"elementor-element elementor-element-25458f2 elementor-widget elementor-widget-hub_fancy_heading lqd-el-has-inner-anim\" data-id=\"25458f2\" data-element_type=\"widget\" data-e-type=\"widget\" data-settings=\"{&quot;enable_split&quot;:&quot;true&quot;,&quot;split_type&quot;:&quot;lines&quot;}\" data-widget_type=\"hub_fancy_heading.default\">\n\t\t\t\t<div class=\"elementor-widget-container\">\n\t\t\t\t\t\n\t\t<div id=\"ld-fancy-heading-69fb94e2ce174\" class=\"ld-fancy-heading pos-rel mask-text\">\n\t\t\t<h1 class=\"ld-fh-element d-inline-block pos-rel  elementor-heading-title lqd-highlight-classic lqd-highlight-grow-left lqd-highlight-reset-onhover lqd-split-lines h1\"  data-split-text=\"true\" data-split-options='{\"type\":\"lines\"}'> EK\u0130P<\/h1>\t\t<\/div>\n\n\t\t\t\t\t\t<\/div>\n\t\t\t\t<\/div>\n\t\t\t\t\t<\/div>\n\t\t<\/div>\n\t\t\t\t\t<\/div>\n\t\t<\/section>\n\t\t<div class=\"elementor-element elementor-element-e935b8e e-flex e-con-boxed e-con e-parent\" data-id=\"e935b8e\" data-element_type=\"container\" data-e-type=\"container\">\n\t\t\t\t\t<div class=\"e-con-inner\">\n\t\t<div class=\"elementor-element elementor-element-bcc2b45 e-con-full e-flex e-con e-child\" data-id=\"bcc2b45\" data-element_type=\"container\" data-e-type=\"container\">\n\t\t\t\t<div class=\"elementor-element elementor-element-fc2cb32 elementor-widget elementor-widget-ld_fancy_image\" data-id=\"fc2cb32\" data-element_type=\"widget\" data-e-type=\"widget\" data-widget_type=\"ld_fancy_image.default\">\n\t\t\t\t<div class=\"elementor-widget-container\">\n\t\t\t\t\t\n\t\t<div class=\"lqd-imggrp-single d-block pos-rel \">\n\t\t\t<div class=\"lqd-imggrp-img-container d-inline-flex pos-rel align-items-center justify-content-center \">\n\t\t\t\t\t\t\t\t<figure class=\"w-100 pos-rel\">\n\t\t\t\t\t<img fetchpriority=\"high\" decoding=\"async\" width=\"415\" height=\"471\" src=\"https:\/\/galatano1.com\/wp-content\/uploads\/2024\/11\/A.png\" class=\"attachment-full size-full wp-image-7065\" alt=\"\" srcset=\"https:\/\/galatano1.com\/wp-content\/uploads\/2024\/11\/A.png 415w, https:\/\/galatano1.com\/wp-content\/uploads\/2024\/11\/A-264x300.png 264w\" sizes=\"(max-width: 415px) 100vw, 415px\" \/>\t\t\t\t\t\t\t\t\t\t\t\t\t\t\t\t\t\t\t\t\t\t\t\t\t\t\t\t\t<\/figure>\n\t\t\t<\/div>\n\t\t<\/div>\n\n\t\t\t\t\t<\/div>\n\t\t\t\t<\/div>\n\t\t\t\t<\/div>\n\t\t<div class=\"elementor-element elementor-element-f114054 e-con-full e-flex e-con e-child\" data-id=\"f114054\" data-element_type=\"container\" data-e-type=\"container\">\n\t\t\t\t<div class=\"elementor-element elementor-element-db517d0 elementor-widget__width-inherit elementor-widget elementor-widget-text-editor\" data-id=\"db517d0\" data-element_type=\"widget\" data-e-type=\"widget\" data-widget_type=\"text-editor.default\">\n\t\t\t\t<div class=\"elementor-widget-container\">\n\t\t\t\t\t\t\t\t\t<p>DO\u00c7ENT DR. \u00d6ZLEM ER\u00c7\u0130N SULTANZADE<\/p><p>2013 y\u0131l\u0131nda Sel\u00e7uk \u00dcniversitesi Di\u015f Hekimli\u011fi Fak\u00fcltesi&#8217;nden mezun olmu\u015ftur. 2017 y\u0131l\u0131nda Ondokuz May\u0131s \u00dcniversitesi Di\u015f Hekimli\u011fi Fak\u00fcltesi&#8217;nde Restoratif Di\u015f Hekimli\u011fi uzmanl\u0131\u011f\u0131n\u0131 tamamlayarak \u201cUzman Di\u015f Hekimi\u201d unvan\u0131n\u0131 alm\u0131\u015ft\u0131r.<\/p><p>2017 y\u0131l\u0131nda Ankara Ba\u015fkent \u00dcniversitesi&#8217;nde \u201c\u00d6\u011fretim \u00dcyesi\u201d olarak \u00e7al\u0131\u015fmaya ba\u015flad\u0131 ve kariyerine \u0130stanbul&#8217;daki Biruni \u00dcniversitesi&#8217;nde devam etti.<\/p><p>2021 y\u0131l\u0131nda \u0130stanbul Kent \u00dcniversitesi&#8217;nde \u00e7al\u0131\u015fmaya ba\u015flad\u0131 ve 2024 y\u0131l\u0131nda \u201cDo\u00e7ent\u201d unvan\u0131n\u0131 ald\u0131.<\/p><p>Ulusal bir derginin edit\u00f6rl\u00fc\u011f\u00fcn\u00fc yapmaktad\u0131r.<\/p><p>13 uluslararas\u0131 yay\u0131n, 8 ulusal yay\u0131n ve 4 kitap b\u00f6l\u00fcm\u00fc yazm\u0131\u015ft\u0131r. Ayr\u0131ca, yurt i\u00e7inde ve yurt d\u0131\u015f\u0131nda bilimsel konferanslarda s\u00f6zl\u00fc ve yaz\u0131l\u0131 olarak \u00e7ok say\u0131da \u00e7al\u0131\u015fma sunmu\u015ftur.<\/p><p>https:\/\/scholar.google.com\/citations?user=wJtxxM4AAAAJ&hl=tr&oi=ao<\/p>\t\t\t\t\t\t\t\t<\/div>\n\t\t\t\t<\/div>\n\t\t\t\t<\/div>\n\t\t\t\t\t<\/div>\n\t\t\t\t<\/div>\n\t\t<div class=\"elementor-element elementor-element-9adef77 e-flex e-con-boxed e-con e-parent\" data-id=\"9adef77\" data-element_type=\"container\" data-e-type=\"container\">\n\t\t\t\t\t<div class=\"e-con-inner\">\n\t\t<div class=\"elementor-element elementor-element-3a3000a e-con-full e-flex e-con e-child\" data-id=\"3a3000a\" data-element_type=\"container\" data-e-type=\"container\">\n\t\t\t\t<div class=\"elementor-element elementor-element-4d5f9f9 elementor-widget elementor-widget-ld_fancy_image\" data-id=\"4d5f9f9\" data-element_type=\"widget\" data-e-type=\"widget\" data-widget_type=\"ld_fancy_image.default\">\n\t\t\t\t<div class=\"elementor-widget-container\">\n\t\t\t\t\t\n\t\t<div class=\"lqd-imggrp-single d-block pos-rel \">\n\t\t\t<div class=\"lqd-imggrp-img-container d-inline-flex pos-rel align-items-center justify-content-center \">\n\t\t\t\t\t\t\t\t<figure class=\"w-100 pos-rel\">\n\t\t\t\t\t<img decoding=\"async\" width=\"1333\" height=\"1645\" src=\"https:\/\/galatano1.com\/wp-content\/uploads\/2026\/03\/WhatsApp-Image-2026-03-03-at-11.00.02.jpeg\" class=\"attachment-full size-full wp-image-9766\" alt=\"\" srcset=\"https:\/\/galatano1.com\/wp-content\/uploads\/2026\/03\/WhatsApp-Image-2026-03-03-at-11.00.02.jpeg 1333w, https:\/\/galatano1.com\/wp-content\/uploads\/2026\/03\/WhatsApp-Image-2026-03-03-at-11.00.02-243x300.jpeg 243w, https:\/\/galatano1.com\/wp-content\/uploads\/2026\/03\/WhatsApp-Image-2026-03-03-at-11.00.02-830x1024.jpeg 830w, https:\/\/galatano1.com\/wp-content\/uploads\/2026\/03\/WhatsApp-Image-2026-03-03-at-11.00.02-1245x1536.jpeg 1245w\" sizes=\"(max-width: 1333px) 100vw, 1333px\" \/>\t\t\t\t\t\t\t\t\t\t\t\t\t\t\t\t\t\t\t\t\t\t\t\t\t\t\t\t\t<\/figure>\n\t\t\t<\/div>\n\t\t<\/div>\n\n\t\t\t\t\t<\/div>\n\t\t\t\t<\/div>\n\t\t\t\t<\/div>\n\t\t<div class=\"elementor-element elementor-element-c7fa715 e-con-full e-flex e-con e-child\" data-id=\"c7fa715\" data-element_type=\"container\" data-e-type=\"container\">\n\t\t\t\t<div class=\"elementor-element elementor-element-7e20efd elementor-widget__width-inherit elementor-widget elementor-widget-text-editor\" data-id=\"7e20efd\" data-element_type=\"widget\" data-e-type=\"widget\" data-widget_type=\"text-editor.default\">\n\t\t\t\t<div class=\"elementor-widget-container\">\n\t\t\t\t\t\t\t\t\t<p>Dr. Mithat Eygi<\/p><p>\u0130stanbul&#8217;da di\u015f hekimi olarak \u00e7al\u0131\u015fan Dr. Mithat Eygi, modern di\u015f hekimli\u011fi yakla\u015f\u0131mlar\u0131n\u0131 hasta konforu ve estetik sonu\u00e7larla birle\u015ftiriyor. En son teknolojileri ve \u00e7a\u011fda\u015f tedavi y\u00f6ntemlerini kullanarak hastalar\u0131na sa\u011fl\u0131kl\u0131, i\u015flevsel ve estetik a\u00e7\u0131dan ho\u015f g\u00fcl\u00fc\u015fler sunmay\u0131 hedefliyor.<\/p><p>Dr. Mithat Eygi, di\u015f hekimli\u011fi e\u011fitimini Medipol \u00dcniversitesi Di\u015f Hekimli\u011fi Fak\u00fcltesi&#8217;nde tamamlad\u0131. 2021 y\u0131l\u0131ndan beri mesle\u011fini aktif olarak s\u00fcrd\u00fcrmekte ve hastalar\u0131na kapsaml\u0131 a\u011f\u0131z ve di\u015f sa\u011fl\u0131\u011f\u0131 hizmetleri sunmaktad\u0131r. Tedavi s\u00fcre\u00e7lerinde hastalar\u0131n bireysel ihtiya\u00e7lar\u0131n\u0131 g\u00f6z \u00f6n\u00fcnde bulunduran bir yakla\u015f\u0131mla, modern klinik standartlara uygun olarak hem koruyucu hem de tedavi edici di\u015f hekimli\u011fi uygulamalar\u0131 ger\u00e7ekle\u015ftirmektedir.<\/p><p>Mesleki \u00e7al\u0131\u015fmalar\u0131nda hasta memnuniyetini ve g\u00fcvenini \u00f6n planda tutan Dr. Eygi, g\u00fcncel geli\u015fmeleri yak\u0131ndan takip etmekte ve di\u015f hekimli\u011finde yenilik\u00e7i uygulamalar\u0131 tedavi s\u00fcre\u00e7lerine entegre etmektedir.<\/p>\t\t\t\t\t\t\t\t<\/div>\n\t\t\t\t<\/div>\n\t\t\t\t<\/div>\n\t\t\t\t\t<\/div>\n\t\t\t\t<\/div>\n\t\t<div class=\"elementor-element elementor-element-dea048e e-flex e-con-boxed e-con e-parent\" data-id=\"dea048e\" data-element_type=\"container\" data-e-type=\"container\">\n\t\t\t\t\t<div class=\"e-con-inner\">\n\t\t<div class=\"elementor-element elementor-element-cef2cc7 e-con-full e-flex e-con e-child\" data-id=\"cef2cc7\" data-element_type=\"container\" data-e-type=\"container\">\n\t\t\t\t<div class=\"elementor-element elementor-element-fd7ca62 elementor-widget elementor-widget-ld_fancy_image\" data-id=\"fd7ca62\" data-element_type=\"widget\" data-e-type=\"widget\" data-widget_type=\"ld_fancy_image.default\">\n\t\t\t\t<div class=\"elementor-widget-container\">\n\t\t\t\t\t\n\t\t<div class=\"lqd-imggrp-single d-block pos-rel \">\n\t\t\t<div class=\"lqd-imggrp-img-container d-inline-flex pos-rel align-items-center justify-content-center \">\n\t\t\t\t\t\t\t\t<figure class=\"w-100 pos-rel\">\n\t\t\t\t\t<img decoding=\"async\" width=\"1237\" height=\"1807\" src=\"https:\/\/galatano1.com\/wp-content\/uploads\/2026\/03\/WhatsApp-Image-2026-03-03-at-11.00.03.jpeg\" class=\"attachment-full size-full wp-image-9769\" alt=\"\" srcset=\"https:\/\/galatano1.com\/wp-content\/uploads\/2026\/03\/WhatsApp-Image-2026-03-03-at-11.00.03.jpeg 1237w, https:\/\/galatano1.com\/wp-content\/uploads\/2026\/03\/WhatsApp-Image-2026-03-03-at-11.00.03-205x300.jpeg 205w, https:\/\/galatano1.com\/wp-content\/uploads\/2026\/03\/WhatsApp-Image-2026-03-03-at-11.00.03-701x1024.jpeg 701w, https:\/\/galatano1.com\/wp-content\/uploads\/2026\/03\/WhatsApp-Image-2026-03-03-at-11.00.03-1051x1536.jpeg 1051w\" sizes=\"(max-width: 1237px) 100vw, 1237px\" \/>\t\t\t\t\t\t\t\t\t\t\t\t\t\t\t\t\t\t\t\t\t\t\t\t\t\t\t\t\t<\/figure>\n\t\t\t<\/div>\n\t\t<\/div>\n\n\t\t\t\t\t<\/div>\n\t\t\t\t<\/div>\n\t\t\t\t<\/div>\n\t\t<div class=\"elementor-element elementor-element-366f61f e-con-full e-flex e-con e-child\" data-id=\"366f61f\" data-element_type=\"container\" data-e-type=\"container\">\n\t\t\t\t<div class=\"elementor-element elementor-element-e2a7945 elementor-widget__width-inherit elementor-widget elementor-widget-text-editor\" data-id=\"e2a7945\" data-element_type=\"widget\" data-e-type=\"widget\" data-widget_type=\"text-editor.default\">\n\t\t\t\t<div class=\"elementor-widget-container\">\n\t\t\t\t\t\t\t\t\t<p>Dr. BER\u0130KA EL\u0130F MALKER<\/p><p>\u0130stanbul&#8217;da di\u015f hekimi olarak, modern di\u015f hekimli\u011finin g\u00fcncel yakla\u015f\u0131mlar\u0131n\u0131 hasta konforu ve estetik sonu\u00e7larla birle\u015ftiren bir tedavi yakla\u015f\u0131m\u0131yla hizmet vermektedir. G\u00fcncel teknolojileri ve \u00e7a\u011fda\u015f tedavi y\u00f6ntemlerini kullanarak hastalar\u0131na sa\u011fl\u0131kl\u0131, i\u015flevsel ve estetik g\u00fcl\u00fc\u015fler sunmay\u0131 ama\u00e7lamaktad\u0131r.<\/p><p>Dr. Malk\u0131r, \u0130stanbul Medipol \u00dcniversitesi Di\u015f Hekimli\u011fi Fak\u00fcltesi&#8217;nde di\u015f hekimli\u011fi e\u011fitimini tamamlam\u0131\u015ft\u0131r. 2024 y\u0131l\u0131ndan bu yana mesle\u011fini aktif olarak s\u00fcrd\u00fcrmekte ve hastalar\u0131na kapsaml\u0131 a\u011f\u0131z ve di\u015f sa\u011fl\u0131\u011f\u0131 hizmetleri sunmaktad\u0131r. Tedavi s\u00fcre\u00e7lerinde hastalar\u0131n bireysel ihtiya\u00e7lar\u0131n\u0131 dikkate alan bir yakla\u015f\u0131mla, modern klinik standartlara uygun olarak hem koruyucu hem de tedavi edici di\u015f hekimli\u011fi uygulamalar\u0131 ger\u00e7ekle\u015ftirmektedir.<\/p>\t\t\t\t\t\t\t\t<\/div>\n\t\t\t\t<\/div>\n\t\t\t\t<\/div>\n\t\t\t\t\t<\/div>\n\t\t\t\t<\/div>\n\t\t<div class=\"elementor-element elementor-element-3c49e46 e-flex e-con-boxed e-con e-parent\" data-id=\"3c49e46\" data-element_type=\"container\" data-e-type=\"container\">\n\t\t\t\t\t<div class=\"e-con-inner\">\n\t\t<div class=\"elementor-element elementor-element-0627c61 e-con-full e-flex e-con e-child\" data-id=\"0627c61\" data-element_type=\"container\" data-e-type=\"container\">\n\t\t\t\t<div class=\"elementor-element elementor-element-fd0f87a elementor-widget elementor-widget-ld_fancy_image\" data-id=\"fd0f87a\" data-element_type=\"widget\" data-e-type=\"widget\" data-widget_type=\"ld_fancy_image.default\">\n\t\t\t\t<div class=\"elementor-widget-container\">\n\t\t\t\t\t\n\t\t<div class=\"lqd-imggrp-single d-block pos-rel \">\n\t\t\t<div class=\"lqd-imggrp-img-container d-inline-flex pos-rel align-items-center justify-content-center \">\n\t\t\t\t\t\t\t\t<figure class=\"w-100 pos-rel\">\n\t\t\t\t\t<img loading=\"lazy\" decoding=\"async\" width=\"416\" height=\"471\" src=\"https:\/\/galatano1.com\/wp-content\/uploads\/2024\/11\/C.png\" class=\"attachment-full size-full wp-image-7067\" alt=\"\" srcset=\"https:\/\/galatano1.com\/wp-content\/uploads\/2024\/11\/C.png 416w, https:\/\/galatano1.com\/wp-content\/uploads\/2024\/11\/C-265x300.png 265w\" sizes=\"(max-width: 416px) 100vw, 416px\" \/>\t\t\t\t\t\t\t\t\t\t\t\t\t\t\t\t\t\t\t\t\t\t\t\t\t\t\t\t\t<\/figure>\n\t\t\t<\/div>\n\t\t<\/div>\n\n\t\t\t\t\t<\/div>\n\t\t\t\t<\/div>\n\t\t\t\t<\/div>\n\t\t<div class=\"elementor-element elementor-element-2850b1a e-con-full e-flex e-con e-child\" data-id=\"2850b1a\" data-element_type=\"container\" data-e-type=\"container\">\n\t\t\t\t<div class=\"elementor-element elementor-element-783b4aa elementor-widget__width-inherit elementor-widget elementor-widget-text-editor\" data-id=\"783b4aa\" data-element_type=\"widget\" data-e-type=\"widget\" data-widget_type=\"text-editor.default\">\n\t\t\t\t<div class=\"elementor-widget-container\">\n\t\t\t\t\t\t\t\t\t<p>Dr. BATUHAN UYKAN<\/p><p>Modern di\u015f hekimli\u011finin g\u00fcncel yakla\u015f\u0131mlar\u0131n\u0131 hasta konforu ve estetik sonu\u00e7larla birle\u015ftiren bir tedavi yakla\u015f\u0131m\u0131yla hizmet vermektedir. G\u00fcncel teknolojileri ve \u00e7a\u011fda\u015f tedavi y\u00f6ntemlerini kullanarak hastalar\u0131na sa\u011fl\u0131kl\u0131, i\u015flevsel ve estetik g\u00fcl\u00fc\u015fler kazand\u0131rmay\u0131 ama\u00e7lamaktad\u0131r. Tedavi s\u00fcre\u00e7lerinde bireysel hasta ihtiya\u00e7lar\u0131n\u0131 \u00f6n planda tutarak g\u00fcvenilir ve kapsaml\u0131 a\u011f\u0131z ve di\u015f sa\u011fl\u0131\u011f\u0131 hizmetleri sunmay\u0131 hedeflemektedir.<\/p><p>Dr. Uykan, \u0130stanbul Ayd\u0131n \u00dcniversitesi Di\u015f Hekimli\u011fi Fak\u00fcltesi&#8217;nde di\u015f hekimli\u011fi e\u011fitimini tamamlam\u0131\u015ft\u0131r. 2023 y\u0131l\u0131ndan beri mesle\u011fini aktif olarak icra etmekte ve hastalar\u0131na kapsaml\u0131 a\u011f\u0131z ve di\u015f sa\u011fl\u0131\u011f\u0131 hizmetleri sunmaktad\u0131r. Tedavi s\u00fcre\u00e7lerinde bireysel ihtiya\u00e7lar\u0131 dikkate alan yakla\u015f\u0131m\u0131yla, modern klinik standartlara uygun olarak hem koruyucu hem de tedavi edici di\u015f hekimli\u011fi uygulamalar\u0131 ger\u00e7ekle\u015ftirmektedir.<\/p>\t\t\t\t\t\t\t\t<\/div>\n\t\t\t\t<\/div>\n\t\t\t\t<\/div>\n\t\t\t\t\t<\/div>\n\t\t\t\t<\/div>\n\t\t<div class=\"elementor-element elementor-element-ca0467a e-flex e-con-boxed e-con e-parent\" data-id=\"ca0467a\" data-element_type=\"container\" data-e-type=\"container\">\n\t\t\t\t\t<div class=\"e-con-inner\">\n\t\t\t\t\t<\/div>\n\t\t\t\t<\/div>\n\t\t\t\t<\/div>\n\t\t","protected":false},"excerpt":{"rendered":"<p>EK\u0130P DO\u00c7ENT DR. \u00d6ZLEM ER\u00c7\u0130N SULTANZADE 2013 y\u0131l\u0131nda Sel\u00e7uk \u00dcniversitesi Di\u015f Hekimli\u011fi Fak\u00fcltesi&#8217;nden mezun olmu\u015ftur. 2017 y\u0131l\u0131nda Ondokuz May\u0131s \u00dcniversitesi Di\u015f Hekimli\u011fi Fak\u00fcltesi&#8217;nde Restoratif Di\u015f Hekimli\u011fi uzmanl\u0131\u011f\u0131n\u0131 tamamlayarak \u201cUzman Di\u015f Hekimi\u201d unvan\u0131n\u0131 alm\u0131\u015ft\u0131r. 2017 y\u0131l\u0131nda Ankara Ba\u015fkent \u00dcniversitesi&#8217;nde \u201c\u00d6\u011fretim \u00dcyesi\u201d olarak \u00e7al\u0131\u015fmaya ba\u015flad\u0131 ve kariyerine \u0130stanbul&#8217;daki Biruni \u00dcniversitesi&#8217;nde devam etti. 2021 y\u0131l\u0131nda \u0130stanbul Kent \u00dcniversitesi&#8217;nde [&hellip;]<\/p>\n","protected":false},"author":1,"featured_media":0,"parent":0,"menu_order":0,"comment_status":"closed","ping_status":"closed","template":"","meta":{"footnotes":""},"class_list":["post-9839","page","type-page","status-publish","hentry"],"_links":{"self":[{"href":"https:\/\/galatano1.com\/fr\/wp-json\/wp\/v2\/pages\/9839","targetHints":{"allow":["GET"]}}],"collection":[{"href":"https:\/\/galatano1.com\/fr\/wp-json\/wp\/v2\/pages"}],"about":[{"href":"https:\/\/galatano1.com\/fr\/wp-json\/wp\/v2\/types\/page"}],"author":[{"embeddable":true,"href":"https:\/\/galatano1.com\/fr\/wp-json\/wp\/v2\/users\/1"}],"replies":[{"embeddable":true,"href":"https:\/\/galatano1.com\/fr\/wp-json\/wp\/v2\/comments?post=9839"}],"version-history":[{"count":2,"href":"https:\/\/galatano1.com\/fr\/wp-json\/wp\/v2\/pages\/9839\/revisions"}],"predecessor-version":[{"id":9841,"href":"https:\/\/galatano1.com\/fr\/wp-json\/wp\/v2\/pages\/9839\/revisions\/9841"}],"wp:attachment":[{"href":"https:\/\/galatano1.com\/fr\/wp-json\/wp\/v2\/media?parent=9839"}],"curies":[{"name":"wp","href":"https:\/\/api.w.org\/{rel}","templated":true}]}}