{"id":9215,"date":"2024-11-25T15:18:30","date_gmt":"2024-11-25T15:18:30","guid":{"rendered":"https:\/\/galatano1.com\/hakkimizda\/"},"modified":"2025-03-05T08:06:13","modified_gmt":"2025-03-05T08:06:13","slug":"a-propos-de-nous","status":"publish","type":"page","link":"https:\/\/galatano1.com\/fr\/a-propos-de-nous\/","title":{"rendered":"A propos de nous"},"content":{"rendered":"\t\t<div data-elementor-type=\"wp-page\" data-elementor-id=\"9215\" class=\"elementor elementor-9215 elementor-6852\">\n\t\t\t\t\t\t<section class=\"elementor-section elementor-top-section elementor-element elementor-element-d346744 elementor-section-height-min-height elementor-section-boxed elementor-section-height-default elementor-section-items-middle\" data-id=\"d346744\" data-element_type=\"section\" data-e-type=\"section\" data-settings=\"{&quot;background_background&quot;:&quot;classic&quot;,&quot;shape_divider_bottom&quot;:&quot;lqd-custom-shape-1&quot;}\">\n\t\t\t\t\t\t\t<div class=\"elementor-background-overlay\"><\/div>\n\t\t\t\t\t\t<div class=\"elementor-shape elementor-shape-bottom\" aria-hidden=\"true\" data-negative=\"false\">\n\t\t\t<svg class=\"lqd-custom-shape\" xmlns=\"http:\/\/www.w3.org\/2000\/svg\" viewBox=\"0 0 1943 98.812\" preserveAspectRatio=\"none\">\n    <path class=\"elementor-shape-fill\" d=\"M0,0Q199.075,74.109,485.75,74.109C806.262,74.109,1214.291,0,1578.6,0H1943V98.812H0\" \/>\n<\/svg>\t\t<\/div>\n\t\t\t\t\t<div class=\"elementor-container elementor-column-gap-default\">\n\t\t\t\t\t<div class=\"elementor-column elementor-col-100 elementor-top-column elementor-element elementor-element-8d9b7c4\" data-id=\"8d9b7c4\" data-element_type=\"column\" data-e-type=\"column\">\n\t\t\t<div class=\"elementor-widget-wrap elementor-element-populated\">\n\t\t\t\t\t\t<div class=\"elementor-element elementor-element-79f2c84 elementor-widget elementor-widget-hub_fancy_heading lqd-el-has-inner-anim\" data-id=\"79f2c84\" data-element_type=\"widget\" data-e-type=\"widget\" data-settings=\"{&quot;enable_split&quot;:&quot;true&quot;,&quot;split_type&quot;:&quot;lines&quot;}\" data-widget_type=\"hub_fancy_heading.default\">\n\t\t\t\t<div class=\"elementor-widget-container\">\n\t\t\t\t\t\n\t\t<div id=\"ld-fancy-heading-69fa479e9127a\" class=\"ld-fancy-heading pos-rel mask-text\">\n\t\t\t<h1 class=\"ld-fh-element d-inline-block pos-rel  elementor-heading-title lqd-highlight-classic lqd-highlight-grow-left lqd-highlight-reset-onhover lqd-split-lines h1\"  data-split-text=\"true\" data-split-options='{\"type\":\"lines\"}'> A propos de nous<\/h1>\t\t<\/div>\n\n\t\t\t\t\t\t<\/div>\n\t\t\t\t<\/div>\n\t\t\t\t<div class=\"elementor-element elementor-element-e1b6322 elementor-widget__width-initial elementor-widget-mobile__width-inherit elementor-widget elementor-widget-text-editor\" data-id=\"e1b6322\" data-element_type=\"widget\" data-e-type=\"widget\" data-widget_type=\"text-editor.default\">\n\t\t\t\t<div class=\"elementor-widget-container\">\n\t\t\t\t\t\t\t\t\t<p>En tant que clinique dentaire Galata No1, nous offrons des services de sant\u00e9 dentaire fiables et de haute qualit\u00e9 \u00e0 nos patients, avec des ann\u00e9es d&#8217;exp\u00e9rience. Notre \u00e9quipe d&#8217;experts vous guide tout au long du processus de traitement, dans le but d&#8217;offrir \u00e0 chacun un sourire sain et esth\u00e9tique. Votre sant\u00e9 et votre satisfaction sont notre priorit\u00e9. Nous sommes l\u00e0 pour vous pr\u00e9senter votre plus beau sourire.<\/p>\t\t\t\t\t\t\t\t<\/div>\n\t\t\t\t<\/div>\n\t\t\t\t\t<\/div>\n\t\t<\/div>\n\t\t\t\t\t<\/div>\n\t\t<\/section>\n\t\t<div class=\"elementor-element elementor-element-122b62a e-flex e-con-boxed e-con e-parent\" data-id=\"122b62a\" data-element_type=\"container\" data-e-type=\"container\" data-settings=\"{&quot;background_background&quot;:&quot;classic&quot;}\">\n\t\t\t\t\t<div class=\"e-con-inner\">\n\t\t<div class=\"elementor-element elementor-element-79264ca e-con-full e-flex e-con e-child\" data-id=\"79264ca\" data-element_type=\"container\" data-e-type=\"container\">\n\t\t\t\t<div class=\"elementor-element elementor-element-6a63141 elementor-widget elementor-widget-hub_fancy_heading\" data-id=\"6a63141\" data-element_type=\"widget\" data-e-type=\"widget\" data-widget_type=\"hub_fancy_heading.default\">\n\t\t\t\t<div class=\"elementor-widget-container\">\n\t\t\t\t\t\n\t\t<div id=\"ld-fancy-heading-69fa479e91a63\" class=\"ld-fancy-heading pos-rel\">\n\t\t\t<h3 class=\"ld-fh-element d-inline-block pos-rel  elementor-heading-title lqd-highlight-classic lqd-highlight-grow-left h3\"  > Notre mission<\/h3>\t\t<\/div>\n\n\t\t\t\t\t\t<\/div>\n\t\t\t\t<\/div>\n\t\t\t\t<div class=\"elementor-element elementor-element-0707ea6 elementor-widget elementor-widget-text-editor\" data-id=\"0707ea6\" data-element_type=\"widget\" data-e-type=\"widget\" data-widget_type=\"text-editor.default\">\n\t\t\t\t<div class=\"elementor-widget-container\">\n\t\t\t\t\t\t\t\t\t<p data-start=\"171\" data-end=\"698\"><strong data-start=\"171\" data-end=\"206\">La clinique dentaire Galata No1<\/strong> a pour objectif de fournir des services dentaires fiables, de haute qualit\u00e9 et complets \u00e0 ses patients, gr\u00e2ce \u00e0 son vaste savoir-faire et \u00e0 son exp\u00e9rience dans le domaine de la sant\u00e9 dentaire. Notre \u00e9quipe d&#8217;experts suit les derniers d\u00e9veloppements dans le domaine de la dentisterie et offre les m\u00e9thodes de traitement les plus modernes \u00e0 nos patients. La mission principale de notre clinique est de veiller \u00e0 ce que chaque individu poss\u00e8de un sourire sain, esth\u00e9tique et en toute confiance.<\/p><p data-start=\"700\" data-end=\"1194\">La sant\u00e9 dentaire est une partie essentielle de notre sant\u00e9 globale et c&#8217;est avec cette conscience que nous agissons \u00e0 la <strong data-start=\"822\" data-end=\"854\">clinique dentaire Galata No1<\/strong>. Chaque traitement dans notre clinique est con\u00e7u en fonction des besoins et des attentes de nos patients, et est propos\u00e9 dans le cadre d\u2019une approche personnalis\u00e9e. Nos dentistes s\u2019efforcent de prot\u00e9ger et d\u2019am\u00e9liorer la sant\u00e9 dentaire de chacun, des enfants aux adultes, en cr\u00e9ant des plans de traitement adapt\u00e9s \u00e0 tous les groupes d\u2019\u00e2ge.<\/p><p data-start=\"1196\" data-end=\"1683\">La <strong data-start=\"1199\" data-end=\"1231\">clinique dentaire Galata No1<\/strong> est \u00e9quip\u00e9e d\u2019une infrastructure moderne et d\u2019appareils de derni\u00e8re g\u00e9n\u00e9ration. L\u2019environnement de notre clinique est soigneusement organis\u00e9 pour offrir un processus de traitement hygi\u00e9nique et confortable. Notre priorit\u00e9 est d\u2019assurer le bien-\u00eatre de nos patients et de minimiser leur niveau de stress pendant le traitement. De plus, l\u2019approche amicale et sinc\u00e8re de notre \u00e9quipe permet \u00e0 nos patients de se sentir comme chez eux dans notre clinique.<\/p><p data-start=\"1685\" data-end=\"2141\">Les services que nous proposons \u00e0 nos patients ne se limitent pas aux traitements dentaires. Nous offrons une large gamme de services, tels que la dentisterie esth\u00e9tique, l&#8217;orthodontie, l&#8217;implantologie, le nettoyage dentaire et la dentisterie pr\u00e9ventive. Nous organisons \u00e9galement r\u00e9guli\u00e8rement des s\u00e9minaires d\u2019information et des consultations individuelles pour sensibiliser nos patients \u00e0 la sant\u00e9 bucco-dentaire et leur fournir les bonnes informations.<\/p><p data-start=\"2143\" data-end=\"2586\">En tant que <strong data-start=\"2155\" data-end=\"2187\">clinique dentaire Galata No1<\/strong>, la sant\u00e9 et la satisfaction de nos clients ont toujours \u00e9t\u00e9 une priorit\u00e9 pour nous. Nous connaissons l\u2019importance du sourire dans l\u2019image personnelle et les relations sociales, c\u2019est pourquoi nous abordons chacun de nos patients avec d\u00e9vouement et nous les aidons \u00e0 obtenir leur plus beau sourire. Lorsque vous nous rencontrerez, vous ressentirez la confiance de nous confier votre sant\u00e9 dentaire.<\/p><p data-start=\"2588\" data-end=\"2971\">La <strong data-start=\"2591\" data-end=\"2623\">clinique dentaire Galata No1<\/strong> est donc un \u00e9tablissement de sant\u00e9 qui vise \u00e0 offrir \u00e0 ses patients non seulement la sant\u00e9, mais aussi une apparence esth\u00e9tique. Nous sommes l\u00e0 pour vous offrir votre plus beau sourire et nous sommes heureux de vous accompagner \u00e0 chaque \u00e9tape de votre parcours de sant\u00e9. Vous pouvez commencer votre voyage vers un sourire sain en nous contactant !<\/p>\t\t\t\t\t\t\t\t<\/div>\n\t\t\t\t<\/div>\n\t\t\t\t<\/div>\n\t\t<div class=\"lqd-css-sticky-column elementor-element elementor-element-8152e8b e-con-full e-flex e-con e-child\" style=\"--lqd-sticky-offset:30px\" data-id=\"8152e8b\" data-element_type=\"container\" data-e-type=\"container\">\n\t\t<div class=\"lqd-css-sticky elementor-element elementor-element-4c3a288 e-con-full e-flex e-con e-child\" style=\"top: auto; top: 0px;\" data-id=\"4c3a288\" data-element_type=\"container\" data-e-type=\"container\">\n\t\t<div class=\"lqd-css-sticky elementor-element elementor-element-8bbb548 e-con-full e-flex e-con e-child\" style=\"top: auto; bottom: 0px;\" data-id=\"8bbb548\" data-element_type=\"container\" data-e-type=\"container\" data-settings=\"{&quot;background_background&quot;:&quot;classic&quot;}\">\n\t\t\t\t<div class=\"elementor-element elementor-element-c382020 elementor-widget elementor-widget-hub_fancy_heading\" data-id=\"c382020\" data-element_type=\"widget\" data-e-type=\"widget\" data-widget_type=\"hub_fancy_heading.default\">\n\t\t\t\t<div class=\"elementor-widget-container\">\n\t\t\t\t\t\n\t\t<div id=\"ld-fancy-heading-69fa479e920ca\" class=\"ld-fancy-heading pos-rel\">\n\t\t\t<h3 class=\"ld-fh-element d-inline-block pos-rel  elementor-heading-title lqd-highlight-classic lqd-highlight-grow-left h3\"  > Contacter<\/h3>\t\t<\/div>\n\n\t\t\t\t\t\t<\/div>\n\t\t\t\t<\/div>\n\t\t\t\t<div class=\"elementor-element elementor-element-fa36376 elementor-widget elementor-widget-ld_cf722\" data-id=\"fa36376\" data-element_type=\"widget\" data-e-type=\"widget\" data-widget_type=\"ld_cf722.default\">\n\t\t\t\t<div class=\"elementor-widget-container\">\n\t\t\t\t\t\n\t<div class=\"lqd-contact-form lqd-contact-form-inputs-filled  lqd-contact-form-inputs-round lqd-contact-form-button-block     \">\n\t\t\n<div class=\"wpcf7 no-js\" id=\"wpcf7-f9445-o1\" lang=\"tr-TR\" dir=\"ltr\" data-wpcf7-id=\"9445\">\n<div class=\"screen-reader-response\"><p role=\"status\" aria-live=\"polite\" aria-atomic=\"true\"><\/p> <ul><\/ul><\/div>\n<form action=\"\/fr\/wp-json\/wp\/v2\/pages\/9215#wpcf7-f9445-o1\" method=\"post\" class=\"wpcf7-form init\" aria-label=\"\u0130leti\u015fim Formu\" novalidate=\"novalidate\" data-status=\"init\">\n<fieldset class=\"hidden-fields-container\"><input type=\"hidden\" name=\"_wpcf7\" value=\"9445\" \/><input type=\"hidden\" name=\"_wpcf7_version\" value=\"6.1.5\" \/><input type=\"hidden\" name=\"_wpcf7_locale\" value=\"tr_TR\" \/><input type=\"hidden\" name=\"_wpcf7_unit_tag\" value=\"wpcf7-f9445-o1\" \/><input type=\"hidden\" name=\"_wpcf7_container_post\" value=\"0\" \/><input type=\"hidden\" name=\"_wpcf7_posted_data_hash\" value=\"\" \/>\n<\/fieldset>\n<div class=\"row\">\n\t<div class=\"col-md-12\">\n\t\t<p><span class=\"wpcf7-form-control-wrap\" data-name=\"text-140\"><input size=\"40\" maxlength=\"400\" class=\"wpcf7-form-control wpcf7-text wpcf7-validates-as-required\" aria-required=\"true\" aria-invalid=\"false\" placeholder=\"Nom Nom de famille\" value=\"\" type=\"text\" name=\"text-140\" \/><\/span>\n\t\t<\/p>\n\t<\/div>\n<\/div>\n<div class=\"row\">\n\t<div class=\"col-md-12\">\n\t\t<p><span class=\"wpcf7-form-control-wrap\" data-name=\"email-278\"><input size=\"40\" maxlength=\"400\" class=\"wpcf7-form-control wpcf7-email wpcf7-validates-as-required wpcf7-text wpcf7-validates-as-email\" aria-required=\"true\" aria-invalid=\"false\" placeholder=\"E-Posta\" value=\"\" type=\"email\" name=\"email-278\" \/><\/span>\n\t\t<\/p>\n\t<\/div>\n<\/div>\n<div class=\"row\">\n\t<div class=\"col-md-12\">\n\t\t<p><span class=\"wpcf7-form-control-wrap tel-855\"><input class=\"wpcf7-form-control wpcf7-tel wpcf7-validates-as-tel\" aria-invalid=\"false\" placeholder=\"Num\u00e9ro de t\u00e9l\u00e9phone\" value=\"\" type=\"tel\" name=\"tel-855_hide\" data-name=\"tel-855\"  data-pre=\"\" data-excludeCountries=\"\" data-onlyct=\"\" data-defcountry=\"\" data-auto=\"1\" data-validation=\"1\" \/><\/span>\n\t\t<\/p>\n\t<\/div>\n<\/div>\n<p><input class=\"wpcf7-form-control wpcf7-submit has-spinner\" id=\"button-submit\" type=\"submit\" value=\"Envoyer\" \/>\n<\/p><div class=\"wpcf7-response-output\" aria-hidden=\"true\"><\/div>\n<\/form>\n<\/div>\n\t<\/div>\n\n\t\t\t\t\t<\/div>\n\t\t\t\t<\/div>\n\t\t\t\t<div class=\"elementor-element elementor-element-8a81d56 elementor-align-left elementor-widget elementor-widget-ld_icon_box\" data-id=\"8a81d56\" data-element_type=\"widget\" data-e-type=\"widget\" data-widget_type=\"ld_icon_box.default\">\n\t\t\t\t<div class=\"elementor-widget-container\">\n\t\t\t\t\t\n\t\t\t<div id=\"ld_icon_box_8a81d56\" class=\"iconbox d-flex flex-grow-1 pos-rel align-items-center iconbox-side iconbox-icon-shaped iconbox-circle\"   >\n\n\t\t\t\t\n\t\t\t\t<div class=\"iconbox-icon-wrap  \"><div class=\"iconbox-icon-container d-inline-flex pos-rel z-index-1 border-radius-circle\"><svg aria-hidden=\"true\" class=\"e-font-icon-svg e-fab-whatsapp\" viewBox=\"0 0 448 512\" xmlns=\"http:\/\/www.w3.org\/2000\/svg\"><path d=\"M380.9 97.1C339 55.1 283.2 32 223.9 32c-122.4 0-222 99.6-222 222 0 39.1 10.2 77.3 29.6 111L0 480l117.7-30.9c32.4 17.7 68.9 27 106.1 27h.1c122.3 0 224.1-99.6 224.1-222 0-59.3-25.2-115-67.1-157zm-157 341.6c-33.2 0-65.7-8.9-94-25.7l-6.7-4-69.8 18.3L72 359.2l-4.4-7c-18.5-29.4-28.2-63.3-28.2-98.2 0-101.7 82.8-184.5 184.6-184.5 49.3 0 95.6 19.2 130.4 54.1 34.8 34.9 56.2 81.2 56.1 130.5 0 101.8-84.9 184.6-186.6 184.6zm101.2-138.2c-5.5-2.8-32.8-16.2-37.9-18-5.1-1.9-8.8-2.8-12.5 2.8-3.7 5.6-14.3 18-17.6 21.8-3.2 3.7-6.5 4.2-12 1.4-32.6-16.3-54-29.1-75.5-66-5.7-9.8 5.7-9.1 16.3-30.3 1.8-3.7.9-6.9-.5-9.7-1.4-2.8-12.5-30.1-17.1-41.2-4.5-10.8-9.1-9.3-12.5-9.5-3.2-.2-6.9-.2-10.6-.2-3.7 0-9.7 1.4-14.8 6.9-5.1 5.6-19.4 19-19.4 46.3 0 27.3 19.9 53.7 22.6 57.4 2.8 3.7 39.1 59.7 94.8 83.8 35.2 15.2 49 16.5 66.6 13.9 10.7-1.6 32.8-13.4 37.4-26.4 4.6-13 4.6-24.1 3.2-26.4-1.3-2.5-5-3.9-10.5-6.6z\"><\/path><\/svg><\/div><\/div>\n\t\t\t\t\n\t\t\t\t<div class=\"contents \">\n\t\t\t\t\n\t\t\t\t<h3 class=\"lqd-iconbox-heading \" >Whatsapp <\/h3>\t\t\t\t<p>+90 553 573 78 01<\/p>\n\t\t\t\t\n\t\t\t\t<\/div>\n\t\t\t\t\n\t\t\t<\/div>\n\n\t\t\t\t\t\t<\/div>\n\t\t\t\t<\/div>\n\t\t\t\t<\/div>\n\t\t\t\t<\/div>\n\t\t\t\t<\/div>\n\t\t\t\t\t<\/div>\n\t\t\t\t<\/div>\n\t\t\t\t<\/div>\n\t\t","protected":false},"excerpt":{"rendered":"<p>A propos de nous En tant que clinique dentaire Galata No1, nous offrons des services de sant\u00e9 dentaire fiables et de haute qualit\u00e9 \u00e0 nos patients, avec des ann\u00e9es d&#8217;exp\u00e9rience. Notre \u00e9quipe d&#8217;experts vous guide tout au long du processus de traitement, dans le but d&#8217;offrir \u00e0 chacun un sourire sain et esth\u00e9tique. Votre sant\u00e9 [&hellip;]<\/p>\n","protected":false},"author":1,"featured_media":0,"parent":0,"menu_order":0,"comment_status":"closed","ping_status":"closed","template":"","meta":{"footnotes":""},"class_list":["post-9215","page","type-page","status-publish","hentry"],"_links":{"self":[{"href":"https:\/\/galatano1.com\/fr\/wp-json\/wp\/v2\/pages\/9215","targetHints":{"allow":["GET"]}}],"collection":[{"href":"https:\/\/galatano1.com\/fr\/wp-json\/wp\/v2\/pages"}],"about":[{"href":"https:\/\/galatano1.com\/fr\/wp-json\/wp\/v2\/types\/page"}],"author":[{"embeddable":true,"href":"https:\/\/galatano1.com\/fr\/wp-json\/wp\/v2\/users\/1"}],"replies":[{"embeddable":true,"href":"https:\/\/galatano1.com\/fr\/wp-json\/wp\/v2\/comments?post=9215"}],"version-history":[{"count":7,"href":"https:\/\/galatano1.com\/fr\/wp-json\/wp\/v2\/pages\/9215\/revisions"}],"predecessor-version":[{"id":9558,"href":"https:\/\/galatano1.com\/fr\/wp-json\/wp\/v2\/pages\/9215\/revisions\/9558"}],"wp:attachment":[{"href":"https:\/\/galatano1.com\/fr\/wp-json\/wp\/v2\/media?parent=9215"}],"curies":[{"name":"wp","href":"https:\/\/api.w.org\/{rel}","templated":true}]}}