{"id":9082,"date":"2024-11-25T15:18:37","date_gmt":"2024-11-25T15:18:37","guid":{"rendered":"https:\/\/galatano1.com\/bize-ulasin\/"},"modified":"2025-03-04T14:30:39","modified_gmt":"2025-03-04T14:30:39","slug":"contactez-nous","status":"publish","type":"page","link":"https:\/\/galatano1.com\/fr\/contactez-nous\/","title":{"rendered":"Contactez Nous"},"content":{"rendered":"\t\t<div data-elementor-type=\"wp-page\" data-elementor-id=\"9082\" class=\"elementor elementor-9082 elementor-6854\">\n\t\t\t\t\t\t<section class=\"elementor-section elementor-top-section elementor-element elementor-element-af64a32 elementor-section-height-min-height elementor-section-boxed elementor-section-height-default elementor-section-items-middle\" data-id=\"af64a32\" data-element_type=\"section\" data-e-type=\"section\" data-settings=\"{&quot;background_background&quot;:&quot;classic&quot;,&quot;shape_divider_bottom&quot;:&quot;lqd-custom-shape-1&quot;}\">\n\t\t\t\t\t\t\t<div class=\"elementor-background-overlay\"><\/div>\n\t\t\t\t\t\t<div class=\"elementor-shape elementor-shape-bottom\" aria-hidden=\"true\" data-negative=\"false\">\n\t\t\t<svg class=\"lqd-custom-shape\" xmlns=\"http:\/\/www.w3.org\/2000\/svg\" viewBox=\"0 0 1943 98.812\" preserveAspectRatio=\"none\">\n    <path class=\"elementor-shape-fill\" d=\"M0,0Q199.075,74.109,485.75,74.109C806.262,74.109,1214.291,0,1578.6,0H1943V98.812H0\" \/>\n<\/svg>\t\t<\/div>\n\t\t\t\t\t<div class=\"elementor-container elementor-column-gap-default\">\n\t\t\t\t\t<div class=\"elementor-column elementor-col-100 elementor-top-column elementor-element elementor-element-d565747\" data-id=\"d565747\" data-element_type=\"column\" data-e-type=\"column\">\n\t\t\t<div class=\"elementor-widget-wrap elementor-element-populated\">\n\t\t\t\t\t\t<div class=\"elementor-element elementor-element-a735221 elementor-widget elementor-widget-hub_fancy_heading lqd-el-has-inner-anim\" data-id=\"a735221\" data-element_type=\"widget\" data-e-type=\"widget\" data-settings=\"{&quot;enable_split&quot;:&quot;true&quot;,&quot;split_type&quot;:&quot;lines&quot;}\" data-widget_type=\"hub_fancy_heading.default\">\n\t\t\t\t<div class=\"elementor-widget-container\">\n\t\t\t\t\t\n\t\t<div id=\"ld-fancy-heading-69f946b2eaea7\" class=\"ld-fancy-heading pos-rel mask-text\">\n\t\t\t<h1 class=\"ld-fh-element d-inline-block pos-rel  elementor-heading-title lqd-highlight-classic lqd-highlight-grow-left lqd-highlight-reset-onhover lqd-split-lines h1\"  data-split-text=\"true\" data-split-options='{\"type\":\"lines\"}'> Contactez nous<\/h1>\t\t<\/div>\n\n\t\t\t\t\t\t<\/div>\n\t\t\t\t<\/div>\n\t\t\t\t<div class=\"elementor-element elementor-element-230cb13 elementor-widget__width-initial elementor-widget-mobile__width-inherit elementor-widget elementor-widget-text-editor\" data-id=\"230cb13\" data-element_type=\"widget\" data-e-type=\"widget\" data-widget_type=\"text-editor.default\">\n\t\t\t\t<div class=\"elementor-widget-container\">\n\t\t\t\t\t\t\t\t\t<p>En tant que clinique dentaire Galata No1, nous offrons des services de sant\u00e9 dentaire fiables et de haute qualit\u00e9 \u00e0 nos patients avec des ann\u00e9es d&#8217;exp\u00e9rience.<\/p>\t\t\t\t\t\t\t\t<\/div>\n\t\t\t\t<\/div>\n\t\t\t\t\t<\/div>\n\t\t<\/div>\n\t\t\t\t\t<\/div>\n\t\t<\/section>\n\t\t\t\t<section class=\"elementor-section elementor-top-section elementor-element elementor-element-7398d4c elementor-reverse-tablet elementor-reverse-mobile elementor-section-content-middle elementor-section-boxed elementor-section-height-default elementor-section-height-default\" data-id=\"7398d4c\" data-element_type=\"section\" data-e-type=\"section\">\n\t\t\t\t\t\t<div class=\"elementor-container elementor-column-gap-default\">\n\t\t\t\t\t<div class=\"elementor-column elementor-col-50 elementor-top-column elementor-element elementor-element-dda101e\" data-id=\"dda101e\" data-element_type=\"column\" data-e-type=\"column\">\n\t\t\t<div class=\"elementor-widget-wrap elementor-element-populated\">\n\t\t\t\t\t\t<div class=\"elementor-element elementor-element-11adefb elementor-widget elementor-widget-hub_fancy_heading\" data-id=\"11adefb\" data-element_type=\"widget\" data-e-type=\"widget\" data-widget_type=\"hub_fancy_heading.default\">\n\t\t\t\t<div class=\"elementor-widget-container\">\n\t\t\t\t\t\n\t\t<div id=\"ld-fancy-heading-69f946b2eb8a3\" class=\"ld-fancy-heading pos-rel\">\n\t\t\t<h2 class=\"ld-fh-element d-inline-block pos-rel  elementor-heading-title lqd-highlight-classic lqd-highlight-grow-left h2\"  > Contactez nous<\/h2>\t\t<\/div>\n\n\t\t\t\t\t\t<\/div>\n\t\t\t\t<\/div>\n\t\t\t\t<div class=\"elementor-element elementor-element-1d93b5a elementor-widget elementor-widget-hub_fancy_heading\" data-id=\"1d93b5a\" data-element_type=\"widget\" data-e-type=\"widget\" data-widget_type=\"hub_fancy_heading.default\">\n\t\t\t\t<div class=\"elementor-widget-container\">\n\t\t\t\t\t\n\t\t<div id=\"ld-fancy-heading-69f946b2ebc09\" class=\"ld-fancy-heading pos-rel\">\n\t\t\t<p class=\"ld-fh-element d-inline-block pos-rel  lqd-highlight-classic lqd-highlight-grow-left p\"  > Nous sommes l\u00e0 pour r\u00e9pondre \u00e0 toutes les questions que vous vous posez.\nVous pouvez nous contacter via le formulaire de contact.<\/p>\t\t<\/div>\n\n\t\t\t\t\t\t<\/div>\n\t\t\t\t<\/div>\n\t\t\t\t<div class=\"elementor-element elementor-element-b02f9f7 elementor-align-left elementor-widget elementor-widget-ld_icon_box\" data-id=\"b02f9f7\" data-element_type=\"widget\" data-e-type=\"widget\" data-widget_type=\"ld_icon_box.default\">\n\t\t\t\t<div class=\"elementor-widget-container\">\n\t\t\t\t\t\n\t\t\t<div id=\"ld_icon_box_b02f9f7\" class=\"iconbox d-flex flex-grow-1 pos-rel flex-wrap align-items-center iconbox-inline\"   >\n\n\t\t\t\t\n\t\t\t\t<div class=\"iconbox-icon-wrap  \"><div class=\"iconbox-icon-container d-inline-flex   \"><svg aria-hidden=\"true\" class=\"e-font-icon-svg e-fas-map-marker-alt\" viewBox=\"0 0 384 512\" xmlns=\"http:\/\/www.w3.org\/2000\/svg\"><path d=\"M172.268 501.67C26.97 291.031 0 269.413 0 192 0 85.961 85.961 0 192 0s192 85.961 192 192c0 77.413-26.97 99.031-172.268 309.67-9.535 13.774-29.93 13.773-39.464 0zM192 272c44.183 0 80-35.817 80-80s-35.817-80-80-80-80 35.817-80 80 35.817 80 80 80z\"><\/path><\/svg><\/div><\/div>\n\t\t\t\t<h3 class=\"lqd-iconbox-heading \" >Hac\u0131mimi, L\u00fcleci Hendek Cd. No:36, 34425 Beyo\u011flu\/\u0130stanbul <\/h3>\n\t\t\t\t\n\t\t\t\t\n\t\t\t\t\t\t\t\t<p><\/p>\n\t\t\t\t\n\t\t\t\t\n\t\t\t\t<a href=\"https:\/\/www.google.com\/maps\/dir\/\/GalataNo1+Dental+Hac%C4%B1mimi+L%C3%BCleci+Hendek+Cd.+No:36+34425+Beyo%C4%9Flu%2F%C4%B0stanbul\/@41.0262294,28.9771033,10z\/data=!4m5!4m4!1m0!1m2!1m1!1s0x14cab970051c5b7f:0x11fc65e87b8acab1\" class=\"lqd-overlay z-index-2\" target=\"_blank&quot;\" rel=\"nofollow\" aria-label=\"Hac\u0131mimi, L\u00fcleci Hendek Cd. No:36, 34425 Beyo\u011flu\/\u0130stanbul\"><\/a>\n\t\t\t<\/div>\n\n\t\t\t\t\t\t<\/div>\n\t\t\t\t<\/div>\n\t\t\t\t<div class=\"elementor-element elementor-element-2b29bb0 elementor-align-left elementor-widget elementor-widget-ld_icon_box\" data-id=\"2b29bb0\" data-element_type=\"widget\" data-e-type=\"widget\" data-widget_type=\"ld_icon_box.default\">\n\t\t\t\t<div class=\"elementor-widget-container\">\n\t\t\t\t\t\n\t\t\t<div id=\"ld_icon_box_2b29bb0\" class=\"iconbox d-flex flex-grow-1 pos-rel flex-wrap align-items-center iconbox-inline\"   >\n\n\t\t\t\t\n\t\t\t\t<div class=\"iconbox-icon-wrap  \"><div class=\"iconbox-icon-container d-inline-flex   \"><svg aria-hidden=\"true\" class=\"e-font-icon-svg e-fas-envelope\" viewBox=\"0 0 512 512\" xmlns=\"http:\/\/www.w3.org\/2000\/svg\"><path d=\"M502.3 190.8c3.9-3.1 9.7-.2 9.7 4.7V400c0 26.5-21.5 48-48 48H48c-26.5 0-48-21.5-48-48V195.6c0-5 5.7-7.8 9.7-4.7 22.4 17.4 52.1 39.5 154.1 113.6 21.1 15.4 56.7 47.8 92.2 47.6 35.7.3 72-32.8 92.3-47.6 102-74.1 131.6-96.3 154-113.7zM256 320c23.2.4 56.6-29.2 73.4-41.4 132.7-96.3 142.8-104.7 173.4-128.7 5.8-4.5 9.2-11.5 9.2-18.9v-19c0-26.5-21.5-48-48-48H48C21.5 64 0 85.5 0 112v19c0 7.4 3.4 14.3 9.2 18.9 30.6 23.9 40.7 32.4 173.4 128.7 16.8 12.2 50.2 41.8 73.4 41.4z\"><\/path><\/svg><\/div><\/div>\n\t\t\t\t<h3 class=\"lqd-iconbox-heading \" >info@galatano1.com <\/h3>\n\t\t\t\t\n\t\t\t\t\n\t\t\t\t\t\t\t\t<p><\/p>\n\t\t\t\t\n\t\t\t\t\n\t\t\t\t<a href=\"mailto:info@galatano1.com\" class=\"lqd-overlay z-index-2\" target=\"_blank&quot;\" rel=\"nofollow\" aria-label=\"info@galatano1.com\"><\/a>\n\t\t\t<\/div>\n\n\t\t\t\t\t\t<\/div>\n\t\t\t\t<\/div>\n\t\t\t\t<div class=\"elementor-element elementor-element-66e825f elementor-align-left elementor-widget elementor-widget-ld_icon_box\" data-id=\"66e825f\" data-element_type=\"widget\" data-e-type=\"widget\" data-widget_type=\"ld_icon_box.default\">\n\t\t\t\t<div class=\"elementor-widget-container\">\n\t\t\t\t\t\n\t\t\t<div id=\"ld_icon_box_66e825f\" class=\"iconbox d-flex flex-grow-1 pos-rel flex-wrap align-items-center iconbox-inline\"   >\n\n\t\t\t\t\n\t\t\t\t<div class=\"iconbox-icon-wrap  \"><div class=\"iconbox-icon-container d-inline-flex   \"><svg aria-hidden=\"true\" class=\"e-font-icon-svg e-fas-mobile\" viewBox=\"0 0 320 512\" xmlns=\"http:\/\/www.w3.org\/2000\/svg\"><path d=\"M272 0H48C21.5 0 0 21.5 0 48v416c0 26.5 21.5 48 48 48h224c26.5 0 48-21.5 48-48V48c0-26.5-21.5-48-48-48zM160 480c-17.7 0-32-14.3-32-32s14.3-32 32-32 32 14.3 32 32-14.3 32-32 32z\"><\/path><\/svg><\/div><\/div>\n\t\t\t\t<h3 class=\"lqd-iconbox-heading \" >+90 553 573 78 01 <\/h3>\n\t\t\t\t\n\t\t\t\t\n\t\t\t\t\t\t\t\t<p><\/p>\n\t\t\t\t\n\t\t\t\t\n\t\t\t\t<a href=\"tel:+905535737801\" class=\"lqd-overlay z-index-2\" target=\"_blank&quot;\" rel=\"nofollow\" aria-label=\"+90 553 573 78 01\"><\/a>\n\t\t\t<\/div>\n\n\t\t\t\t\t\t<\/div>\n\t\t\t\t<\/div>\n\t\t\t\t\t<\/div>\n\t\t<\/div>\n\t\t\t\t<div class=\"elementor-column elementor-col-50 elementor-top-column elementor-element elementor-element-c938eab\" data-id=\"c938eab\" data-element_type=\"column\" data-e-type=\"column\">\n\t\t\t<div class=\"elementor-widget-wrap elementor-element-populated\">\n\t\t\t\t\t\t<section class=\"elementor-section elementor-inner-section elementor-element elementor-element-c6db841 elementor-section-boxed elementor-section-height-default elementor-section-height-default\" data-id=\"c6db841\" data-element_type=\"section\" data-e-type=\"section\" data-settings=\"{&quot;background_background&quot;:&quot;classic&quot;}\">\n\t\t\t\t\t\t<div class=\"elementor-container elementor-column-gap-default\">\n\t\t\t\t\t<div class=\"elementor-column elementor-col-100 elementor-inner-column elementor-element elementor-element-e79013d\" data-id=\"e79013d\" data-element_type=\"column\" data-e-type=\"column\" data-settings=\"{&quot;background_background&quot;:&quot;classic&quot;}\">\n\t\t\t<div class=\"elementor-widget-wrap elementor-element-populated\">\n\t\t\t\t\t\t<div class=\"elementor-element elementor-element-693dee9 elementor-widget__width-inherit elementor-widget elementor-widget-hub_fancy_heading\" data-id=\"693dee9\" data-element_type=\"widget\" data-e-type=\"widget\" data-widget_type=\"hub_fancy_heading.default\">\n\t\t\t\t<div class=\"elementor-widget-container\">\n\t\t\t\t\t\n\t\t<div id=\"ld-fancy-heading-69f946b2ef220\" class=\"ld-fancy-heading pos-rel\">\n\t\t\t<h6 class=\"ld-fh-element d-inline-block pos-rel  elementor-heading-title lqd-highlight-classic lqd-highlight-grow-left h6\"  > Contact<\/h6>\t\t<\/div>\n\n\t\t\t\t\t\t<\/div>\n\t\t\t\t<\/div>\n\t\t\t\t<div class=\"elementor-element elementor-element-4e0a978 elementor-widget elementor-widget-ld_cf722\" data-id=\"4e0a978\" data-element_type=\"widget\" data-e-type=\"widget\" data-widget_type=\"ld_cf722.default\">\n\t\t\t\t<div class=\"elementor-widget-container\">\n\t\t\t\t\t\n\t<div class=\"lqd-contact-form lqd-contact-form-inputs-filled   lqd-contact-form-button-block  lqd-contact-form-button-lg lqd-contact-form-button-round  \">\n\t\t\n<div class=\"wpcf7 no-js\" id=\"wpcf7-f7135-o1\" lang=\"tr-TR\" dir=\"ltr\" data-wpcf7-id=\"7135\">\n<div class=\"screen-reader-response\"><p role=\"status\" aria-live=\"polite\" aria-atomic=\"true\"><\/p> <ul><\/ul><\/div>\n<form action=\"\/fr\/wp-json\/wp\/v2\/pages\/9082#wpcf7-f7135-o1\" method=\"post\" class=\"wpcf7-form init\" aria-label=\"\u0130leti\u015fim Formu\" novalidate=\"novalidate\" data-status=\"init\">\n<fieldset class=\"hidden-fields-container\"><input type=\"hidden\" name=\"_wpcf7\" value=\"7135\" \/><input type=\"hidden\" name=\"_wpcf7_version\" value=\"6.1.5\" \/><input type=\"hidden\" name=\"_wpcf7_locale\" value=\"tr_TR\" \/><input type=\"hidden\" name=\"_wpcf7_unit_tag\" value=\"wpcf7-f7135-o1\" \/><input type=\"hidden\" name=\"_wpcf7_container_post\" value=\"0\" \/><input type=\"hidden\" name=\"_wpcf7_posted_data_hash\" value=\"\" \/>\n<\/fieldset>\n<div class=\"cont\">\n\t<div class=\"row\">\n\t\t<div class=\"col-6 col-sm-6\">\n\t\t\t<p><label><br \/>\n<span class=\"wpcf7-form-control-wrap\" data-name=\"text-140\"><input size=\"40\" maxlength=\"400\" class=\"wpcf7-form-control wpcf7-text wpcf7-validates-as-required\" aria-required=\"true\" aria-invalid=\"false\" placeholder=\"Ad Soyad\" value=\"\" type=\"text\" name=\"text-140\" \/><\/span> <\/label>\n\t\t\t<\/p>\n\t\t<\/div>\n\t\t<div class=\"col-6 col-sm-6\">\n\t\t\t<p><label><br \/>\n<span class=\"wpcf7-form-control-wrap\" data-name=\"email-278\"><input size=\"40\" maxlength=\"400\" class=\"wpcf7-form-control wpcf7-email wpcf7-validates-as-required wpcf7-text wpcf7-validates-as-email\" aria-required=\"true\" aria-invalid=\"false\" placeholder=\"E-Posta*\" value=\"\" type=\"email\" name=\"email-278\" \/><\/span><\/label>\n\t\t\t<\/p>\n\t\t<\/div>\n\n <!-- Force next columns to break to new line -->\n\t\t<div class=\"w-100\">\n\t\t<\/div>\n\t<\/div>\n\t<div class=\"row\">\n\t\t<div class=\"col-6 col-sm-6\">\n\t\t\t<p><label><span class=\"wpcf7-form-control-wrap tel-322\"><input class=\"wpcf7-form-control wpcf7-tel wpcf7-validates-as-tel\" aria-invalid=\"false\" placeholder=\"Telefon No\" value=\"\" type=\"tel\" name=\"tel-322_hide\" data-name=\"tel-322\"  data-pre=\"\" data-excludeCountries=\"\" data-onlyct=\"\" data-defcountry=\"\" data-auto=\"1\" data-validation=\"1\" \/><\/span><\/label>\n\t\t\t<\/p>\n\t\t<\/div>\n\t\t<div class=\"col-6 col-sm-6\">\n\t\t\t<p><label><span class=\"wpcf7-form-control-wrap\" data-name=\"menu-179\"><select class=\"wpcf7-form-control wpcf7-select wpcf7-validates-as-required\" aria-required=\"true\" aria-invalid=\"false\" name=\"menu-179\"><option value=\"Tedavi Se\u00e7iniz\">Tedavi Se\u00e7iniz<\/option><option value=\"\u0130mplant\">\u0130mplant<\/option><option value=\"G\u00fcl\u00fc\u015f Tasar\u0131m\u0131\">G\u00fcl\u00fc\u015f Tasar\u0131m\u0131<\/option><option value=\"Ortodonti\">Ortodonti<\/option><option value=\"Periodontoloji\">Periodontoloji<\/option><option value=\"\u00c7ene ve Eklem\">\u00c7ene ve Eklem<\/option><option value=\"Di\u011fer\">Di\u011fer<\/option><\/select><\/span><\/label>\n\t\t\t<\/p>\n\t\t<\/div>\n\n <!-- Force next columns to break to new line -->\n\t\t<div class=\"w-100\">\n\t\t<\/div>\n\t<\/div>\n<\/div>\n<div class=\"transfer\">\n\t<p><label>Transfer Talep Ediyor musunuz? <span class=\"wpcf7-form-control-wrap\" data-name=\"radio-890\"><span class=\"wpcf7-form-control wpcf7-radio\"><span class=\"wpcf7-list-item first\"><label><input type=\"radio\" name=\"radio-890\" value=\"Evet\" checked=\"checked\" \/><span class=\"wpcf7-list-item-label\">Evet<\/span><\/label><\/span><span class=\"wpcf7-list-item last\"><label><input type=\"radio\" name=\"radio-890\" value=\"Hay\u0131r\" \/><span class=\"wpcf7-list-item-label\">Hay\u0131r<\/span><\/label><\/span><\/span><\/span> <\/label><br \/>\n<label>Otel konaklama talep ediyor musunuz? <span class=\"wpcf7-form-control-wrap\" data-name=\"radio-891\"><span class=\"wpcf7-form-control wpcf7-radio\"><span class=\"wpcf7-list-item first\"><label><input type=\"radio\" name=\"radio-891\" value=\"Evet\" checked=\"checked\" \/><span class=\"wpcf7-list-item-label\">Evet<\/span><\/label><\/span><span class=\"wpcf7-list-item last\"><label><input type=\"radio\" name=\"radio-891\" value=\"Hay\u0131r\" \/><span class=\"wpcf7-list-item-label\">Hay\u0131r<\/span><\/label><\/span><\/span><\/span><\/label>\n\t<\/p>\n<\/div>\n<p><input class=\"wpcf7-form-control wpcf7-submit has-spinner\" id=\"button-submit\" type=\"submit\" value=\"G\u00f6nder\" \/><br \/>\n<script>\ndocument.getElementById('button-submit').addEventListener(\"click\", function() {\n return gtag_report_conversion('https:\/\/renateclinic.com');\n});\n<\/script>\n<\/p><div class=\"wpcf7-response-output\" aria-hidden=\"true\"><\/div>\n<\/form>\n<\/div>\n\t<\/div>\n\n\t\t\t\t\t<\/div>\n\t\t\t\t<\/div>\n\t\t\t\t\t<\/div>\n\t\t<\/div>\n\t\t\t\t\t<\/div>\n\t\t<\/section>\n\t\t\t\t\t<\/div>\n\t\t<\/div>\n\t\t\t\t\t<\/div>\n\t\t<\/section>\n\t\t<div class=\"elementor-element elementor-element-05155a4 e-flex e-con-boxed e-con e-parent\" data-id=\"05155a4\" data-element_type=\"container\" data-e-type=\"container\">\n\t\t\t\t\t<div class=\"e-con-inner\">\n\t\t\t\t<div class=\"elementor-element elementor-element-48a0e24 elementor-widget elementor-widget-google_maps\" data-id=\"48a0e24\" data-element_type=\"widget\" data-e-type=\"widget\" data-widget_type=\"google_maps.default\">\n\t\t\t\t<div class=\"elementor-widget-container\">\n\t\t\t\t\t\t\t<div class=\"elementor-custom-embed\">\n\t\t\t<iframe loading=\"lazy\"\n\t\t\t\t\tsrc=\"https:\/\/maps.google.com\/maps?q=Galata%20No1&#038;t=m&#038;z=10&#038;output=embed&#038;iwloc=near\"\n\t\t\t\t\ttitle=\"Galata No1\"\n\t\t\t\t\taria-label=\"Galata No1\"\n\t\t\t><\/iframe>\n\t\t<\/div>\n\t\t\t\t\t\t<\/div>\n\t\t\t\t<\/div>\n\t\t\t\t\t<\/div>\n\t\t\t\t<\/div>\n\t\t\t\t<\/div>\n\t\t","protected":false},"excerpt":{"rendered":"<p>Contactez nous En tant que clinique dentaire Galata No1, nous offrons des services de sant\u00e9 dentaire fiables et de haute qualit\u00e9 \u00e0 nos patients avec des ann\u00e9es d&#8217;exp\u00e9rience. Contactez nous Nous sommes l\u00e0 pour r\u00e9pondre \u00e0 toutes les questions que vous vous posez. Vous pouvez nous contacter via le formulaire de contact. Hac\u0131mimi, L\u00fcleci Hendek [&hellip;]<\/p>\n","protected":false},"author":1,"featured_media":0,"parent":0,"menu_order":0,"comment_status":"closed","ping_status":"closed","template":"","meta":{"footnotes":""},"class_list":["post-9082","page","type-page","status-publish","hentry"],"_links":{"self":[{"href":"https:\/\/galatano1.com\/fr\/wp-json\/wp\/v2\/pages\/9082","targetHints":{"allow":["GET"]}}],"collection":[{"href":"https:\/\/galatano1.com\/fr\/wp-json\/wp\/v2\/pages"}],"about":[{"href":"https:\/\/galatano1.com\/fr\/wp-json\/wp\/v2\/types\/page"}],"author":[{"embeddable":true,"href":"https:\/\/galatano1.com\/fr\/wp-json\/wp\/v2\/users\/1"}],"replies":[{"embeddable":true,"href":"https:\/\/galatano1.com\/fr\/wp-json\/wp\/v2\/comments?post=9082"}],"version-history":[{"count":4,"href":"https:\/\/galatano1.com\/fr\/wp-json\/wp\/v2\/pages\/9082\/revisions"}],"predecessor-version":[{"id":9286,"href":"https:\/\/galatano1.com\/fr\/wp-json\/wp\/v2\/pages\/9082\/revisions\/9286"}],"wp:attachment":[{"href":"https:\/\/galatano1.com\/fr\/wp-json\/wp\/v2\/media?parent=9082"}],"curies":[{"name":"wp","href":"https:\/\/api.w.org\/{rel}","templated":true}]}}