{"id":9843,"date":"2025-07-23T08:24:03","date_gmt":"2025-07-23T08:24:03","guid":{"rendered":"https:\/\/galatano1.com\/doc-dr-ozlem-ercin-sultanzade\/"},"modified":"2026-03-04T11:16:42","modified_gmt":"2026-03-04T11:16:42","slug":"doc-dr-ozlem-ercin-sultanzade","status":"publish","type":"page","link":"https:\/\/galatano1.com\/en-gb\/doc-dr-ozlem-ercin-sultanzade\/","title":{"rendered":"DO\u00c7. DR. \u00d6zlem Er\u00e7in Sultanzade"},"content":{"rendered":"\t\t<div data-elementor-type=\"wp-page\" data-elementor-id=\"9843\" class=\"elementor elementor-9843 elementor-9671\">\n\t\t\t\t\t\t<section class=\"elementor-section elementor-top-section elementor-element elementor-element-eae65ae elementor-section-height-min-height elementor-section-boxed elementor-section-height-default elementor-section-items-middle\" data-id=\"eae65ae\" data-element_type=\"section\" data-e-type=\"section\" data-settings=\"{&quot;background_background&quot;:&quot;classic&quot;,&quot;shape_divider_bottom&quot;:&quot;lqd-custom-shape-1&quot;}\">\n\t\t\t\t\t\t\t<div class=\"elementor-background-overlay\"><\/div>\n\t\t\t\t\t\t<div class=\"elementor-shape elementor-shape-bottom\" aria-hidden=\"true\" data-negative=\"false\">\n\t\t\t<svg class=\"lqd-custom-shape\" xmlns=\"http:\/\/www.w3.org\/2000\/svg\" viewBox=\"0 0 1943 98.812\" preserveAspectRatio=\"none\">\n    <path class=\"elementor-shape-fill\" d=\"M0,0Q199.075,74.109,485.75,74.109C806.262,74.109,1214.291,0,1578.6,0H1943V98.812H0\" \/>\n<\/svg>\t\t<\/div>\n\t\t\t\t\t<div class=\"elementor-container elementor-column-gap-default\">\n\t\t\t\t\t<div class=\"elementor-column elementor-col-100 elementor-top-column elementor-element elementor-element-5c6b9a8\" data-id=\"5c6b9a8\" data-element_type=\"column\" data-e-type=\"column\">\n\t\t\t<div class=\"elementor-widget-wrap elementor-element-populated\">\n\t\t\t\t\t\t<div class=\"elementor-element elementor-element-25458f2 elementor-widget elementor-widget-hub_fancy_heading lqd-el-has-inner-anim\" data-id=\"25458f2\" data-element_type=\"widget\" data-e-type=\"widget\" data-settings=\"{&quot;enable_split&quot;:&quot;true&quot;,&quot;split_type&quot;:&quot;lines&quot;}\" data-widget_type=\"hub_fancy_heading.default\">\n\t\t\t\t<div class=\"elementor-widget-container\">\n\t\t\t\t\t\n\t\t<div id=\"ld-fancy-heading-69fb969334ef3\" class=\"ld-fancy-heading pos-rel mask-text\">\n\t\t\t<h1 class=\"ld-fh-element d-inline-block pos-rel  elementor-heading-title lqd-highlight-classic lqd-highlight-grow-left lqd-highlight-reset-onhover lqd-split-lines h1\"  data-split-text=\"true\" data-split-options='{\"type\":\"lines\"}'> TEAM<\/h1>\t\t<\/div>\n\n\t\t\t\t\t\t<\/div>\n\t\t\t\t<\/div>\n\t\t\t\t\t<\/div>\n\t\t<\/div>\n\t\t\t\t\t<\/div>\n\t\t<\/section>\n\t\t<div class=\"elementor-element elementor-element-e935b8e e-flex e-con-boxed e-con e-parent\" data-id=\"e935b8e\" data-element_type=\"container\" data-e-type=\"container\">\n\t\t\t\t\t<div class=\"e-con-inner\">\n\t\t<div class=\"elementor-element elementor-element-bcc2b45 e-con-full e-flex e-con e-child\" data-id=\"bcc2b45\" data-element_type=\"container\" data-e-type=\"container\">\n\t\t\t\t<div class=\"elementor-element elementor-element-fc2cb32 elementor-widget elementor-widget-ld_fancy_image\" data-id=\"fc2cb32\" data-element_type=\"widget\" data-e-type=\"widget\" data-widget_type=\"ld_fancy_image.default\">\n\t\t\t\t<div class=\"elementor-widget-container\">\n\t\t\t\t\t\n\t\t<div class=\"lqd-imggrp-single d-block pos-rel \">\n\t\t\t<div class=\"lqd-imggrp-img-container d-inline-flex pos-rel align-items-center justify-content-center \">\n\t\t\t\t\t\t\t\t<figure class=\"w-100 pos-rel\">\n\t\t\t\t\t<img fetchpriority=\"high\" decoding=\"async\" width=\"415\" height=\"471\" src=\"https:\/\/galatano1.com\/wp-content\/uploads\/2024\/11\/A.png\" class=\"attachment-full size-full wp-image-7065\" alt=\"\" srcset=\"https:\/\/galatano1.com\/wp-content\/uploads\/2024\/11\/A.png 415w, https:\/\/galatano1.com\/wp-content\/uploads\/2024\/11\/A-264x300.png 264w\" sizes=\"(max-width: 415px) 100vw, 415px\" \/>\t\t\t\t\t\t\t\t\t\t\t\t\t\t\t\t\t\t\t\t\t\t\t\t\t\t\t\t\t<\/figure>\n\t\t\t<\/div>\n\t\t<\/div>\n\n\t\t\t\t\t<\/div>\n\t\t\t\t<\/div>\n\t\t\t\t<\/div>\n\t\t<div class=\"elementor-element elementor-element-f114054 e-con-full e-flex e-con e-child\" data-id=\"f114054\" data-element_type=\"container\" data-e-type=\"container\">\n\t\t\t\t<div class=\"elementor-element elementor-element-db517d0 elementor-widget__width-inherit elementor-widget elementor-widget-text-editor\" data-id=\"db517d0\" data-element_type=\"widget\" data-e-type=\"widget\" data-widget_type=\"text-editor.default\">\n\t\t\t\t<div class=\"elementor-widget-container\">\n\t\t\t\t\t\t\t\t\t<p>ASSOCIATE PROFESSOR DR. \u00d6ZLEM ER\u00c7\u0130N SULTANZADE<\/p><p>She graduated from Sel\u00e7uk University Faculty of Dentistry in 2013. In 2017, she completed her specialty in Restorative Dentistry at Ondokuz May\u0131s University Faculty of Dentistry and earned the title of \u201cSpecialist Dentist.\u201d<\/p><p>In 2017, she began working as a \u201cFaculty Member\u201d at Ankara Ba\u015fkent University and continued her career at Biruni University in Istanbul.<\/p><p>In 2021, she began working at Istanbul Kent University and was awarded the title of \u201cAssociate Professor\u201d in 2024.<\/p><p>He is the editor of a national journal.<\/p><p>He has authored 13 international publications, 8 national publications, and 4 book chapters. Additionally, he has presented numerous studies both orally and in writing at scientific conferences both domestically and internationally.<\/p><p>https:\/\/scholar.google.com\/citations?user=wJtxxM4AAAAJ&hl=tr&oi=ao<\/p>\t\t\t\t\t\t\t\t<\/div>\n\t\t\t\t<\/div>\n\t\t\t\t<\/div>\n\t\t\t\t\t<\/div>\n\t\t\t\t<\/div>\n\t\t<div class=\"elementor-element elementor-element-9adef77 e-flex e-con-boxed e-con e-parent\" data-id=\"9adef77\" data-element_type=\"container\" data-e-type=\"container\">\n\t\t\t\t\t<div class=\"e-con-inner\">\n\t\t<div class=\"elementor-element elementor-element-3a3000a e-con-full e-flex e-con e-child\" data-id=\"3a3000a\" data-element_type=\"container\" data-e-type=\"container\">\n\t\t\t\t<div class=\"elementor-element elementor-element-4d5f9f9 elementor-widget elementor-widget-ld_fancy_image\" data-id=\"4d5f9f9\" data-element_type=\"widget\" data-e-type=\"widget\" data-widget_type=\"ld_fancy_image.default\">\n\t\t\t\t<div class=\"elementor-widget-container\">\n\t\t\t\t\t\n\t\t<div class=\"lqd-imggrp-single d-block pos-rel \">\n\t\t\t<div class=\"lqd-imggrp-img-container d-inline-flex pos-rel align-items-center justify-content-center \">\n\t\t\t\t\t\t\t\t<figure class=\"w-100 pos-rel\">\n\t\t\t\t\t<img decoding=\"async\" width=\"1333\" height=\"1645\" src=\"https:\/\/galatano1.com\/wp-content\/uploads\/2026\/03\/WhatsApp-Image-2026-03-03-at-11.00.02.jpeg\" class=\"attachment-full size-full wp-image-9766\" alt=\"\" srcset=\"https:\/\/galatano1.com\/wp-content\/uploads\/2026\/03\/WhatsApp-Image-2026-03-03-at-11.00.02.jpeg 1333w, https:\/\/galatano1.com\/wp-content\/uploads\/2026\/03\/WhatsApp-Image-2026-03-03-at-11.00.02-243x300.jpeg 243w, https:\/\/galatano1.com\/wp-content\/uploads\/2026\/03\/WhatsApp-Image-2026-03-03-at-11.00.02-830x1024.jpeg 830w, https:\/\/galatano1.com\/wp-content\/uploads\/2026\/03\/WhatsApp-Image-2026-03-03-at-11.00.02-1245x1536.jpeg 1245w\" sizes=\"(max-width: 1333px) 100vw, 1333px\" \/>\t\t\t\t\t\t\t\t\t\t\t\t\t\t\t\t\t\t\t\t\t\t\t\t\t\t\t\t\t<\/figure>\n\t\t\t<\/div>\n\t\t<\/div>\n\n\t\t\t\t\t<\/div>\n\t\t\t\t<\/div>\n\t\t\t\t<\/div>\n\t\t<div class=\"elementor-element elementor-element-c7fa715 e-con-full e-flex e-con e-child\" data-id=\"c7fa715\" data-element_type=\"container\" data-e-type=\"container\">\n\t\t\t\t<div class=\"elementor-element elementor-element-7e20efd elementor-widget__width-inherit elementor-widget elementor-widget-text-editor\" data-id=\"7e20efd\" data-element_type=\"widget\" data-e-type=\"widget\" data-widget_type=\"text-editor.default\">\n\t\t\t\t<div class=\"elementor-widget-container\">\n\t\t\t\t\t\t\t\t\t<p>Dr. Mithat Eygi<\/p><p>Dr. Mithat Eygi, a dentist practicing in Istanbul, combines modern dentistry approaches with patient comfort and aesthetic results. He aims to provide his patients with healthy, functional, and aesthetically pleasing smiles by utilizing the latest technologies and contemporary treatment methods.<\/p><p>Dr. Mithat Eygi completed his dental education at Medipol University Faculty of Dentistry. He has been actively practicing his profession since 2021 and provides comprehensive oral and dental health services to his patients. He performs both preventive and therapeutic dentistry practices in accordance with modern clinical standards, taking into account the individual needs of patients in the treatment process.<\/p><p>Prioritizing patient satisfaction and trust in his professional work, Dr. Eygi closely follows current developments and integrates innovative practices in dentistry into his treatment processes.<\/p>\t\t\t\t\t\t\t\t<\/div>\n\t\t\t\t<\/div>\n\t\t\t\t<\/div>\n\t\t\t\t\t<\/div>\n\t\t\t\t<\/div>\n\t\t<div class=\"elementor-element elementor-element-dea048e e-flex e-con-boxed e-con e-parent\" data-id=\"dea048e\" data-element_type=\"container\" data-e-type=\"container\">\n\t\t\t\t\t<div class=\"e-con-inner\">\n\t\t<div class=\"elementor-element elementor-element-cef2cc7 e-con-full e-flex e-con e-child\" data-id=\"cef2cc7\" data-element_type=\"container\" data-e-type=\"container\">\n\t\t\t\t<div class=\"elementor-element elementor-element-fd7ca62 elementor-widget elementor-widget-ld_fancy_image\" data-id=\"fd7ca62\" data-element_type=\"widget\" data-e-type=\"widget\" data-widget_type=\"ld_fancy_image.default\">\n\t\t\t\t<div class=\"elementor-widget-container\">\n\t\t\t\t\t\n\t\t<div class=\"lqd-imggrp-single d-block pos-rel \">\n\t\t\t<div class=\"lqd-imggrp-img-container d-inline-flex pos-rel align-items-center justify-content-center \">\n\t\t\t\t\t\t\t\t<figure class=\"w-100 pos-rel\">\n\t\t\t\t\t<img decoding=\"async\" width=\"1237\" height=\"1807\" src=\"https:\/\/galatano1.com\/wp-content\/uploads\/2026\/03\/WhatsApp-Image-2026-03-03-at-11.00.03.jpeg\" class=\"attachment-full size-full wp-image-9769\" alt=\"\" srcset=\"https:\/\/galatano1.com\/wp-content\/uploads\/2026\/03\/WhatsApp-Image-2026-03-03-at-11.00.03.jpeg 1237w, https:\/\/galatano1.com\/wp-content\/uploads\/2026\/03\/WhatsApp-Image-2026-03-03-at-11.00.03-205x300.jpeg 205w, https:\/\/galatano1.com\/wp-content\/uploads\/2026\/03\/WhatsApp-Image-2026-03-03-at-11.00.03-701x1024.jpeg 701w, https:\/\/galatano1.com\/wp-content\/uploads\/2026\/03\/WhatsApp-Image-2026-03-03-at-11.00.03-1051x1536.jpeg 1051w\" sizes=\"(max-width: 1237px) 100vw, 1237px\" \/>\t\t\t\t\t\t\t\t\t\t\t\t\t\t\t\t\t\t\t\t\t\t\t\t\t\t\t\t\t<\/figure>\n\t\t\t<\/div>\n\t\t<\/div>\n\n\t\t\t\t\t<\/div>\n\t\t\t\t<\/div>\n\t\t\t\t<\/div>\n\t\t<div class=\"elementor-element elementor-element-366f61f e-con-full e-flex e-con e-child\" data-id=\"366f61f\" data-element_type=\"container\" data-e-type=\"container\">\n\t\t\t\t<div class=\"elementor-element elementor-element-e2a7945 elementor-widget__width-inherit elementor-widget elementor-widget-text-editor\" data-id=\"e2a7945\" data-element_type=\"widget\" data-e-type=\"widget\" data-widget_type=\"text-editor.default\">\n\t\t\t\t<div class=\"elementor-widget-container\">\n\t\t\t\t\t\t\t\t\t<p>Dr. BER\u0130KA EL\u0130F MALKER<\/p><p>As a dentist in Istanbul, she provides services with a treatment approach that combines modern dentistry&#8217;s current approaches with patient comfort and aesthetic results. She aims to offer her patients healthy, functional, and aesthetically pleasing smiles by utilizing the latest technologies and contemporary treatment methods.<\/p><p>Dr. Malk\u0131r completed her dental education at Istanbul Medipol University Faculty of Dentistry. She has been actively practicing her profession since 2024 and provides comprehensive oral and dental health services to her patients. He performs both preventive and therapeutic dental practices in accordance with modern clinical standards, taking into account the individual needs of patients during treatment processes.<\/p>\t\t\t\t\t\t\t\t<\/div>\n\t\t\t\t<\/div>\n\t\t\t\t<\/div>\n\t\t\t\t\t<\/div>\n\t\t\t\t<\/div>\n\t\t<div class=\"elementor-element elementor-element-3c49e46 e-flex e-con-boxed e-con e-parent\" data-id=\"3c49e46\" data-element_type=\"container\" data-e-type=\"container\">\n\t\t\t\t\t<div class=\"e-con-inner\">\n\t\t<div class=\"elementor-element elementor-element-0627c61 e-con-full e-flex e-con e-child\" data-id=\"0627c61\" data-element_type=\"container\" data-e-type=\"container\">\n\t\t\t\t<div class=\"elementor-element elementor-element-fd0f87a elementor-widget elementor-widget-ld_fancy_image\" data-id=\"fd0f87a\" data-element_type=\"widget\" data-e-type=\"widget\" data-widget_type=\"ld_fancy_image.default\">\n\t\t\t\t<div class=\"elementor-widget-container\">\n\t\t\t\t\t\n\t\t<div class=\"lqd-imggrp-single d-block pos-rel \">\n\t\t\t<div class=\"lqd-imggrp-img-container d-inline-flex pos-rel align-items-center justify-content-center \">\n\t\t\t\t\t\t\t\t<figure class=\"w-100 pos-rel\">\n\t\t\t\t\t<img loading=\"lazy\" decoding=\"async\" width=\"416\" height=\"471\" src=\"https:\/\/galatano1.com\/wp-content\/uploads\/2024\/11\/C.png\" class=\"attachment-full size-full wp-image-7067\" alt=\"\" srcset=\"https:\/\/galatano1.com\/wp-content\/uploads\/2024\/11\/C.png 416w, https:\/\/galatano1.com\/wp-content\/uploads\/2024\/11\/C-265x300.png 265w\" sizes=\"(max-width: 416px) 100vw, 416px\" \/>\t\t\t\t\t\t\t\t\t\t\t\t\t\t\t\t\t\t\t\t\t\t\t\t\t\t\t\t\t<\/figure>\n\t\t\t<\/div>\n\t\t<\/div>\n\n\t\t\t\t\t<\/div>\n\t\t\t\t<\/div>\n\t\t\t\t<\/div>\n\t\t<div class=\"elementor-element elementor-element-2850b1a e-con-full e-flex e-con e-child\" data-id=\"2850b1a\" data-element_type=\"container\" data-e-type=\"container\">\n\t\t\t\t<div class=\"elementor-element elementor-element-783b4aa elementor-widget__width-inherit elementor-widget elementor-widget-text-editor\" data-id=\"783b4aa\" data-element_type=\"widget\" data-e-type=\"widget\" data-widget_type=\"text-editor.default\">\n\t\t\t\t<div class=\"elementor-widget-container\">\n\t\t\t\t\t\t\t\t\t<p>Dr. BATUHAN UYKAN<\/p><p>He provides services with a treatment approach that combines modern dentistry&#8217;s current approaches with patient comfort and aesthetic results. He aims to provide his patients with healthy, functional, and aesthetic smiles by using current technologies and contemporary treatment methods. He aims to provide reliable and comprehensive oral and dental health services by prioritizing individual patient needs during treatment processes.<\/p><p>Dr. Uykan completed his dental education at Istanbul Aydin University Faculty of Dentistry. He has been actively practicing his profession since 2023 and provides comprehensive oral and dental health services to his patients. With an approach that considers individual needs in treatment processes, he performs both preventive and therapeutic dentistry practices in accordance with modern clinical standards.<\/p>\t\t\t\t\t\t\t\t<\/div>\n\t\t\t\t<\/div>\n\t\t\t\t<\/div>\n\t\t\t\t\t<\/div>\n\t\t\t\t<\/div>\n\t\t\t\t<\/div>\n\t\t","protected":false},"excerpt":{"rendered":"<p>TEAM ASSOCIATE PROFESSOR DR. \u00d6ZLEM ER\u00c7\u0130N SULTANZADE She graduated from Sel\u00e7uk University Faculty of Dentistry in 2013. In 2017, she completed her specialty in Restorative Dentistry at Ondokuz May\u0131s University Faculty of Dentistry and earned the title of \u201cSpecialist Dentist.\u201d In 2017, she began working as a \u201cFaculty Member\u201d at Ankara Ba\u015fkent University and continued [&hellip;]<\/p>\n","protected":false},"author":1,"featured_media":0,"parent":0,"menu_order":0,"comment_status":"closed","ping_status":"closed","template":"","meta":{"footnotes":""},"class_list":["post-9843","page","type-page","status-publish","hentry"],"_links":{"self":[{"href":"https:\/\/galatano1.com\/en-gb\/wp-json\/wp\/v2\/pages\/9843","targetHints":{"allow":["GET"]}}],"collection":[{"href":"https:\/\/galatano1.com\/en-gb\/wp-json\/wp\/v2\/pages"}],"about":[{"href":"https:\/\/galatano1.com\/en-gb\/wp-json\/wp\/v2\/types\/page"}],"author":[{"embeddable":true,"href":"https:\/\/galatano1.com\/en-gb\/wp-json\/wp\/v2\/users\/1"}],"replies":[{"embeddable":true,"href":"https:\/\/galatano1.com\/en-gb\/wp-json\/wp\/v2\/comments?post=9843"}],"version-history":[{"count":4,"href":"https:\/\/galatano1.com\/en-gb\/wp-json\/wp\/v2\/pages\/9843\/revisions"}],"predecessor-version":[{"id":9847,"href":"https:\/\/galatano1.com\/en-gb\/wp-json\/wp\/v2\/pages\/9843\/revisions\/9847"}],"wp:attachment":[{"href":"https:\/\/galatano1.com\/en-gb\/wp-json\/wp\/v2\/media?parent=9843"}],"curies":[{"name":"wp","href":"https:\/\/api.w.org\/{rel}","templated":true}]}}